{"id":673,"date":"2023-06-01T14:25:07","date_gmt":"2023-06-01T14:25:07","guid":{"rendered":"https:\/\/bwm.web.lws-servers.be\/parc-machines\/"},"modified":"2023-11-27T12:53:22","modified_gmt":"2023-11-27T12:53:22","slug":"machine-park","status":"publish","type":"page","link":"https:\/\/www.weapons-machining.be\/en\/machine-park\/","title":{"rendered":"Machine Park"},"content":{"rendered":"<h2><u>Centres de fraisage verticaux\u00a0: <\/u><u>maximum 1200x500x500mm<\/u><\/h2>\n<p>&nbsp;<\/p>\n<h3><strong>Centres de fraisage verticaux \u00e0 5 axes<\/strong><\/h3>\n<ul>\n<li>DMU 40 Evo<\/li>\n<li>DMU 50 V<\/li>\n<li>DMU 60 Evo<\/li>\n<li>DMU 70 Evo<\/li>\n<li>CMX 50<\/li>\n<li>MORI SEIKI NMV 5000 DCG<\/li>\n<li>MIKRON HEM 500 v<\/li>\n<li>DMC 1035 V<\/li>\n<li>HAAS VF 3<\/li>\n<li>SPINNER 2520<\/li>\n<li>SPINNER 630<\/li>\n<li>DMG CMX70<\/li>\n<\/ul>\n<p><strong>\u00a0<\/strong><\/p>\n<h3><strong>Centres de fraisage verticaux \u00e0 4 axes<\/strong><\/h3>\n<ul>\n<li>DMC 1035 V<\/li>\n<li>HAAS VF 3<\/li>\n<li>SPINNER VC1460<\/li>\n<\/ul>\n<p>&nbsp;<\/p>\n<h3><strong>Centres d\u2019usinage verticaux \u00e0 3 axes<\/strong><\/h3>\n<ul>\n<li>DMC 635 V<\/li>\n<li>DAHLIH MCV 1200<\/li>\n<li>FP 3<\/li>\n<li>MIKRON WF31<\/li>\n<li>MIKRON WF41<\/li>\n<li>MIKRON WF51<\/li>\n<li>MIKRON VCE600<\/li>\n<li>HERMLE U 630 T<\/li>\n<li>HERMLE U 1000<\/li>\n<\/ul>\n<p>&nbsp;<\/p>\n<h2><u>Tours num\u00e9riques\u00a0: de 5 mm \u00e0 450 mm<\/u><\/h2>\n<p><strong><u>\u00a0<\/u><\/strong><\/p>\n<h3><strong>Tours CNC bi-broches, bi-tourelles, bi-axes et Y + embarreur<\/strong><\/h3>\n<p>&nbsp;<\/p>\n<ul>\n<li>MORI SEIKI NZX 1500\/800SY2<\/li>\n<li>MORI SEIKI NZX 2500\/800SY2<\/li>\n<\/ul>\n<p><strong>\u00a0<\/strong><\/p>\n<h3><strong>Tours CNC bi-broches, 1 tourelle, axe Y + embarreur<\/strong><\/h3>\n<p>&nbsp;<\/p>\n<ul>\n<li>MORI SEIKI NLX 2500 SY\/700<\/li>\n<li>MORI SEIKI NL 2500 SY\/700<\/li>\n<li>ROMI E 320<\/li>\n<\/ul>\n<p>&nbsp;<\/p>\n<h3><strong>Tours 1800 x 600<\/strong><\/h3>\n<p>&nbsp;<\/p>\n<ul>\n<li>SPINNER U630<\/li>\n<li>PINACHO TAURUS 260<\/li>\n<\/ul>\n<p>&nbsp;<\/p>\n<p>&nbsp;<\/p>\n<h2><strong>1 laser fibre\u00a03 kW &#8211; MAZAK Optiplex Nexus 3015 Fiber<\/strong><\/h2>\n<p>&nbsp;<\/p>\n<h3>Dimensions<\/h3>\n<p>3000 x 2500<\/p>\n<p>&nbsp;<\/p>\n<h3>\u00c9paisseurs\u00a0maximales<\/h3>\n<ul>\n<li>Acier\u00a0: 25 mm<\/li>\n<li>Inox\u00a0: 12 mm<\/li>\n<li>Aluminium\u00a0: 12 mm<\/li>\n<li>Cuivre\/laiton\u00a0: 5 mm<\/li>\n<\/ul>\n<p>&nbsp;<\/p>\n<h3>Pr\u00e9cision<\/h3>\n<p>0,1 mm<\/p>\n<p>&nbsp;<\/p>\n<p><strong>\u00a0<\/strong><\/p>\n<h2><strong>Plieuses<\/strong><\/h2>\n<ul>\n<li>Plieuse 2000 mm\/55 T<\/li>\n<li>Plieuse 2000 mm\/75 T<\/li>\n<li>Plieuse 2000 mm\/80 T<\/li>\n<li>Plieuse 3000 mm\/100 T<\/li>\n<li>Plieuse 3000 mm\/135 T<\/li>\n<li>Plieuse 3000 mm\/160 T<\/li>\n<\/ul>\n<p><strong>\u00a0<\/strong><\/p>\n<h3><strong>20 presses m\u00e9caniques et hydrauliques <\/strong><\/h3>\n<ul>\n<li>de 5 \u00e0 320 tonnes<\/li>\n<li>avec ou sans avanceur automatique<\/li>\n<li>avec ou sans serre-flan<\/li>\n<\/ul>\n<p>&nbsp;<\/p>\n<h2><u>Machines conventionnelles<\/u><\/h2>\n<ul>\n<li>2 rectifieuses planes et 1 cylindrique<\/li>\n<li>Machines d\u2019\u00e9lectro\u00e9rosion par enfon\u00e7age<\/li>\n<li>Robot de chargement<\/li>\n<\/ul>\n<p>&nbsp;<\/p>\n<h2><u>Soudure<\/u><\/h2>\n<p>Technologie TIG\u00a0: 4 postes<\/p>\n<p>Technologie par points\u00a0: 4 postes<\/p>\n<p>&nbsp;<\/p>\n<p>&nbsp;<\/p>\n<h2><u>Contr\u00f4le<\/u><\/h2>\n<p>1 salle de contr\u00f4le climatis\u00e9e<\/p>\n<ul>\n<li>Aberlink &#8211; 640 x 900 x 500<\/li>\n<li>Wenzel Smart 1000\/CNC &#8211; 1000 x 450 x 400<\/li>\n<\/ul>\n","protected":false},"excerpt":{"rendered":"<p>Centres de fraisage verticaux\u00a0: maximum 1200x500x500mm &nbsp; Centres de fraisage verticaux \u00e0 5 axes DMU 40 Evo DMU 50 V DMU 60 Evo DMU 70 Evo CMX 50 MORI SEIKI NMV 5000 DCG MIKRON HEM 500 v DMC 1035 V HAAS VF 3 SPINNER 2520 SPINNER 630 DMG CMX70 \u00a0 Centres de fraisage verticaux \u00e0 [&hellip;]<\/p>\n","protected":false},"author":1,"featured_media":0,"parent":0,"menu_order":0,"comment_status":"closed","ping_status":"closed","template":"page-templates\/template-flexible.php","meta":{"_acf_changed":false,"footnotes":""},"class_list":["post-673","page","type-page","status-publish","hentry"],"acf":[],"yoast_head":"<!-- This site is optimized with the Yoast SEO plugin v26.7 - https:\/\/yoast.com\/wordpress\/plugins\/seo\/ -->\n<title>Precision milling services and machining equipment - BWM<\/title>\n<meta name=\"description\" content=\"Explore our state-of-the-art milling centers and CNC lathes, equipped for precision machining and superior performance in manufacturing\" \/>\n<meta name=\"robots\" content=\"index, follow, max-snippet:-1, max-image-preview:large, max-video-preview:-1\" \/>\n<link rel=\"canonical\" href=\"https:\/\/www.weapons-machining.be\/en\/machine-park\/\" \/>\n<meta property=\"og:locale\" content=\"en_US\" \/>\n<meta property=\"og:type\" content=\"article\" \/>\n<meta property=\"og:title\" content=\"Precision milling services and machining equipment - BWM\" \/>\n<meta property=\"og:description\" content=\"Explore our state-of-the-art milling centers and CNC lathes, equipped for precision machining and superior performance in manufacturing\" \/>\n<meta property=\"og:url\" content=\"https:\/\/www.weapons-machining.be\/en\/machine-park\/\" \/>\n<meta property=\"og:site_name\" content=\"BWM\" \/>\n<meta property=\"article:modified_time\" content=\"2023-11-27T12:53:22+00:00\" \/>\n<meta name=\"twitter:card\" content=\"summary_large_image\" \/>\n<meta name=\"twitter:label1\" content=\"Est. reading time\" \/>\n\t<meta name=\"twitter:data1\" content=\"2 minutes\" \/>\n<script type=\"application\/ld+json\" class=\"yoast-schema-graph\">{\"@context\":\"https:\/\/schema.org\",\"@graph\":[{\"@type\":\"WebPage\",\"@id\":\"https:\/\/www.weapons-machining.be\/en\/machine-park\/\",\"url\":\"https:\/\/www.weapons-machining.be\/en\/machine-park\/\",\"name\":\"Precision milling services and machining equipment - BWM\",\"isPartOf\":{\"@id\":\"https:\/\/www.weapons-machining.be\/en\/#website\"},\"datePublished\":\"2023-06-01T14:25:07+00:00\",\"dateModified\":\"2023-11-27T12:53:22+00:00\",\"description\":\"Explore our state-of-the-art milling centers and CNC lathes, equipped for precision machining and superior performance in manufacturing\",\"breadcrumb\":{\"@id\":\"https:\/\/www.weapons-machining.be\/en\/machine-park\/#breadcrumb\"},\"inLanguage\":\"en-US\",\"potentialAction\":[{\"@type\":\"ReadAction\",\"target\":[\"https:\/\/www.weapons-machining.be\/en\/machine-park\/\"]}]},{\"@type\":\"BreadcrumbList\",\"@id\":\"https:\/\/www.weapons-machining.be\/en\/machine-park\/#breadcrumb\",\"itemListElement\":[{\"@type\":\"ListItem\",\"position\":1,\"name\":\"Accueil\",\"item\":\"https:\/\/www.weapons-machining.be\/en\/\"},{\"@type\":\"ListItem\",\"position\":2,\"name\":\"Machine Park\"}]},{\"@type\":\"WebSite\",\"@id\":\"https:\/\/www.weapons-machining.be\/en\/#website\",\"url\":\"https:\/\/www.weapons-machining.be\/en\/\",\"name\":\"BWM\",\"description\":\"Belgian Weapons Machining\",\"publisher\":{\"@id\":\"https:\/\/www.weapons-machining.be\/en\/#organization\"},\"potentialAction\":[{\"@type\":\"SearchAction\",\"target\":{\"@type\":\"EntryPoint\",\"urlTemplate\":\"https:\/\/www.weapons-machining.be\/en\/?s={search_term_string}\"},\"query-input\":{\"@type\":\"PropertyValueSpecification\",\"valueRequired\":true,\"valueName\":\"search_term_string\"}}],\"inLanguage\":\"en-US\"},{\"@type\":\"Organization\",\"@id\":\"https:\/\/www.weapons-machining.be\/en\/#organization\",\"name\":\"BWM\",\"url\":\"https:\/\/www.weapons-machining.be\/en\/\",\"logo\":{\"@type\":\"ImageObject\",\"inLanguage\":\"en-US\",\"@id\":\"https:\/\/www.weapons-machining.be\/en\/#\/schema\/logo\/image\/\",\"url\":\"https:\/\/www.weapons-machining.be\/wp-content\/uploads\/2023\/05\/bwm.png\",\"contentUrl\":\"https:\/\/www.weapons-machining.be\/wp-content\/uploads\/2023\/05\/bwm.png\",\"width\":500,\"height\":141,\"caption\":\"BWM\"},\"image\":{\"@id\":\"https:\/\/www.weapons-machining.be\/en\/#\/schema\/logo\/image\/\"}}]}<\/script>\n<!-- \/ Yoast SEO plugin. -->","yoast_head_json":{"title":"Precision milling services and machining equipment - BWM","description":"Explore our state-of-the-art milling centers and CNC lathes, equipped for precision machining and superior performance in manufacturing","robots":{"index":"index","follow":"follow","max-snippet":"max-snippet:-1","max-image-preview":"max-image-preview:large","max-video-preview":"max-video-preview:-1"},"canonical":"https:\/\/www.weapons-machining.be\/en\/machine-park\/","og_locale":"en_US","og_type":"article","og_title":"Precision milling services and machining equipment - BWM","og_description":"Explore our state-of-the-art milling centers and CNC lathes, equipped for precision machining and superior performance in manufacturing","og_url":"https:\/\/www.weapons-machining.be\/en\/machine-park\/","og_site_name":"BWM","article_modified_time":"2023-11-27T12:53:22+00:00","twitter_card":"summary_large_image","twitter_misc":{"Est. reading time":"2 minutes"},"schema":{"@context":"https:\/\/schema.org","@graph":[{"@type":"WebPage","@id":"https:\/\/www.weapons-machining.be\/en\/machine-park\/","url":"https:\/\/www.weapons-machining.be\/en\/machine-park\/","name":"Precision milling services and machining equipment - BWM","isPartOf":{"@id":"https:\/\/www.weapons-machining.be\/en\/#website"},"datePublished":"2023-06-01T14:25:07+00:00","dateModified":"2023-11-27T12:53:22+00:00","description":"Explore our state-of-the-art milling centers and CNC lathes, equipped for precision machining and superior performance in manufacturing","breadcrumb":{"@id":"https:\/\/www.weapons-machining.be\/en\/machine-park\/#breadcrumb"},"inLanguage":"en-US","potentialAction":[{"@type":"ReadAction","target":["https:\/\/www.weapons-machining.be\/en\/machine-park\/"]}]},{"@type":"BreadcrumbList","@id":"https:\/\/www.weapons-machining.be\/en\/machine-park\/#breadcrumb","itemListElement":[{"@type":"ListItem","position":1,"name":"Accueil","item":"https:\/\/www.weapons-machining.be\/en\/"},{"@type":"ListItem","position":2,"name":"Machine Park"}]},{"@type":"WebSite","@id":"https:\/\/www.weapons-machining.be\/en\/#website","url":"https:\/\/www.weapons-machining.be\/en\/","name":"BWM","description":"Belgian Weapons Machining","publisher":{"@id":"https:\/\/www.weapons-machining.be\/en\/#organization"},"potentialAction":[{"@type":"SearchAction","target":{"@type":"EntryPoint","urlTemplate":"https:\/\/www.weapons-machining.be\/en\/?s={search_term_string}"},"query-input":{"@type":"PropertyValueSpecification","valueRequired":true,"valueName":"search_term_string"}}],"inLanguage":"en-US"},{"@type":"Organization","@id":"https:\/\/www.weapons-machining.be\/en\/#organization","name":"BWM","url":"https:\/\/www.weapons-machining.be\/en\/","logo":{"@type":"ImageObject","inLanguage":"en-US","@id":"https:\/\/www.weapons-machining.be\/en\/#\/schema\/logo\/image\/","url":"https:\/\/www.weapons-machining.be\/wp-content\/uploads\/2023\/05\/bwm.png","contentUrl":"https:\/\/www.weapons-machining.be\/wp-content\/uploads\/2023\/05\/bwm.png","width":500,"height":141,"caption":"BWM"},"image":{"@id":"https:\/\/www.weapons-machining.be\/en\/#\/schema\/logo\/image\/"}}]}},"_links":{"self":[{"href":"https:\/\/www.weapons-machining.be\/en\/wp-json\/wp\/v2\/pages\/673","targetHints":{"allow":["GET"]}}],"collection":[{"href":"https:\/\/www.weapons-machining.be\/en\/wp-json\/wp\/v2\/pages"}],"about":[{"href":"https:\/\/www.weapons-machining.be\/en\/wp-json\/wp\/v2\/types\/page"}],"author":[{"embeddable":true,"href":"https:\/\/www.weapons-machining.be\/en\/wp-json\/wp\/v2\/users\/1"}],"replies":[{"embeddable":true,"href":"https:\/\/www.weapons-machining.be\/en\/wp-json\/wp\/v2\/comments?post=673"}],"version-history":[{"count":8,"href":"https:\/\/www.weapons-machining.be\/en\/wp-json\/wp\/v2\/pages\/673\/revisions"}],"predecessor-version":[{"id":1007,"href":"https:\/\/www.weapons-machining.be\/en\/wp-json\/wp\/v2\/pages\/673\/revisions\/1007"}],"wp:attachment":[{"href":"https:\/\/www.weapons-machining.be\/en\/wp-json\/wp\/v2\/media?parent=673"}],"curies":[{"name":"wp","href":"https:\/\/api.w.org\/{rel}","templated":true}]}}