{"id":726,"date":"2023-06-01T12:18:46","date_gmt":"2023-06-01T12:18:46","guid":{"rendered":"https:\/\/bwm.web.lws-servers.be\/rgpd\/tous-droits-reserves\/"},"modified":"2023-11-27T13:16:43","modified_gmt":"2023-11-27T13:16:43","slug":"alle-rechte-vorbehalten","status":"publish","type":"page","link":"https:\/\/www.weapons-machining.be\/de\/dsgvo\/alle-rechte-vorbehalten\/","title":{"rendered":"Alle rechte vorbehalten"},"content":{"rendered":"<p>Der Website-Benutzer erkennt an, \u00fcber die erforderlichen F\u00e4higkeiten und Mittel zur Navigation und Nutzung dieser Website zu verf\u00fcgen. Er erkennt au\u00dferdem an, die rechtlichen Hinweise gelesen zu haben und sich zur Einhaltung derselben zu verpflichten.<\/p>\n<p>&nbsp;<\/p>\n<p>Jede vollst\u00e4ndige oder teilweise Reproduktion oder Darstellung dieser Website, auf welche Weise auch immer, ohne ausdr\u00fcckliche Genehmigung von BELGIAN WEAPONS MACHINING, ist untersagt und stellt eine Verletzung des Urheberrechts gem\u00e4\u00df den Artikeln des Urheberrechtsgesetzes dar. Die auf der Website dargestellten Bilder sind urheberrechtlich gesch\u00fctzt. Jede vollst\u00e4ndige oder teilweise Reproduktion dieser Bilder, Marken oder Logos, die auf den Elementen der Website basiert, ist ohne ausdr\u00fcckliche Genehmigung von BELGIAN WEAPONS MACHINING nicht gestattet.<\/p>\n<p>&nbsp;<\/p>\n<p><em>Fotocredits:<\/em><\/p>\n<p>NC COMMUNICATION Srl<\/p>\n<p>&nbsp;<\/p>\n<p>Jede Verletzung dieser Empfehlungen stellt eine Verletzung des Urheberrechts gem\u00e4\u00df den Artikeln des Urheberrechtsgesetzes dar. Die auf dieser Website eingerichteten Hypertext-Links zu anderen Ressourcen im Internet, insbesondere zu Partnern, sind klar gekennzeichnet und werden durch Informationen und\/oder eine vorherige Genehmigung bereitgestellt. BELGIAN WEAPONS MACHINING verpflichtet sich, die Hypertext-Links auf Anfrage der Unternehmen, denen diese Websites geh\u00f6ren, zu entfernen.<\/p>\n<p>&nbsp;<\/p>\n<p>Um einen Fehler, eine Korrektur oder ein Vers\u00e4umnis zu melden, k\u00f6nnen Sie eine E-Mail an die folgende Adresse senden: <a href=\"mailto:info@weapons-machining.be\">info@weapons-machining.be<\/a><\/p>\n","protected":false},"excerpt":{"rendered":"<p>Der Website-Benutzer erkennt an, \u00fcber die erforderlichen F\u00e4higkeiten und Mittel zur Navigation und Nutzung dieser Website zu verf\u00fcgen. Er erkennt au\u00dferdem an, die rechtlichen Hinweise gelesen zu haben und sich zur Einhaltung derselben zu verpflichten. &nbsp; Jede vollst\u00e4ndige oder teilweise Reproduktion oder Darstellung dieser Website, auf welche Weise auch immer, ohne ausdr\u00fcckliche Genehmigung von BELGIAN [&hellip;]<\/p>\n","protected":false},"author":1,"featured_media":0,"parent":718,"menu_order":0,"comment_status":"closed","ping_status":"closed","template":"","meta":{"_acf_changed":false,"footnotes":""},"class_list":["post-726","page","type-page","status-publish","hentry"],"acf":[],"yoast_head":"<!-- This site is optimized with the Yoast SEO plugin v26.7 - https:\/\/yoast.com\/wordpress\/plugins\/seo\/ -->\n<title>Alle Rechte vorbehalten - BWM<\/title>\n<meta name=\"description\" content=\"Entdecken Sie die rechtlichen Hinweise von BELGIAN WEAPONS MACHINING, die das geistige Eigentum und die Webstandards respektieren.\" \/>\n<meta name=\"robots\" content=\"index, follow, max-snippet:-1, max-image-preview:large, max-video-preview:-1\" \/>\n<link rel=\"canonical\" href=\"https:\/\/www.weapons-machining.be\/de\/dsgvo\/alle-rechte-vorbehalten\/\" \/>\n<meta property=\"og:locale\" content=\"de_DE\" \/>\n<meta property=\"og:type\" content=\"article\" \/>\n<meta property=\"og:title\" content=\"Alle Rechte vorbehalten - BWM\" \/>\n<meta property=\"og:description\" content=\"Entdecken Sie die rechtlichen Hinweise von BELGIAN WEAPONS MACHINING, die das geistige Eigentum und die Webstandards respektieren.\" \/>\n<meta property=\"og:url\" content=\"https:\/\/www.weapons-machining.be\/de\/dsgvo\/alle-rechte-vorbehalten\/\" \/>\n<meta property=\"og:site_name\" content=\"BWM\" \/>\n<meta property=\"article:modified_time\" content=\"2023-11-27T13:16:43+00:00\" \/>\n<meta name=\"twitter:card\" content=\"summary_large_image\" \/>\n<meta name=\"twitter:label1\" content=\"Gesch\u00e4tzte Lesezeit\" \/>\n\t<meta name=\"twitter:data1\" content=\"1\u00a0Minute\" \/>\n<script type=\"application\/ld+json\" class=\"yoast-schema-graph\">{\"@context\":\"https:\/\/schema.org\",\"@graph\":[{\"@type\":\"WebPage\",\"@id\":\"https:\/\/www.weapons-machining.be\/de\/dsgvo\/alle-rechte-vorbehalten\/\",\"url\":\"https:\/\/www.weapons-machining.be\/de\/dsgvo\/alle-rechte-vorbehalten\/\",\"name\":\"Alle Rechte vorbehalten - BWM\",\"isPartOf\":{\"@id\":\"https:\/\/www.weapons-machining.be\/de\/#website\"},\"datePublished\":\"2023-06-01T12:18:46+00:00\",\"dateModified\":\"2023-11-27T13:16:43+00:00\",\"description\":\"Entdecken Sie die rechtlichen Hinweise von BELGIAN WEAPONS MACHINING, die das geistige Eigentum und die Webstandards respektieren.\",\"breadcrumb\":{\"@id\":\"https:\/\/www.weapons-machining.be\/de\/dsgvo\/alle-rechte-vorbehalten\/#breadcrumb\"},\"inLanguage\":\"de\",\"potentialAction\":[{\"@type\":\"ReadAction\",\"target\":[\"https:\/\/www.weapons-machining.be\/de\/dsgvo\/alle-rechte-vorbehalten\/\"]}]},{\"@type\":\"BreadcrumbList\",\"@id\":\"https:\/\/www.weapons-machining.be\/de\/dsgvo\/alle-rechte-vorbehalten\/#breadcrumb\",\"itemListElement\":[{\"@type\":\"ListItem\",\"position\":1,\"name\":\"Accueil\",\"item\":\"https:\/\/www.weapons-machining.be\/de\/\"},{\"@type\":\"ListItem\",\"position\":2,\"name\":\"DSGVO\",\"item\":\"https:\/\/www.weapons-machining.be\/de\/dsgvo\/\"},{\"@type\":\"ListItem\",\"position\":3,\"name\":\"Alle rechte vorbehalten\"}]},{\"@type\":\"WebSite\",\"@id\":\"https:\/\/www.weapons-machining.be\/de\/#website\",\"url\":\"https:\/\/www.weapons-machining.be\/de\/\",\"name\":\"BWM\",\"description\":\"Belgian Weapons Machining\",\"publisher\":{\"@id\":\"https:\/\/www.weapons-machining.be\/de\/#organization\"},\"potentialAction\":[{\"@type\":\"SearchAction\",\"target\":{\"@type\":\"EntryPoint\",\"urlTemplate\":\"https:\/\/www.weapons-machining.be\/de\/?s={search_term_string}\"},\"query-input\":{\"@type\":\"PropertyValueSpecification\",\"valueRequired\":true,\"valueName\":\"search_term_string\"}}],\"inLanguage\":\"de\"},{\"@type\":\"Organization\",\"@id\":\"https:\/\/www.weapons-machining.be\/de\/#organization\",\"name\":\"BWM\",\"url\":\"https:\/\/www.weapons-machining.be\/de\/\",\"logo\":{\"@type\":\"ImageObject\",\"inLanguage\":\"de\",\"@id\":\"https:\/\/www.weapons-machining.be\/de\/#\/schema\/logo\/image\/\",\"url\":\"https:\/\/www.weapons-machining.be\/wp-content\/uploads\/2023\/05\/bwm.png\",\"contentUrl\":\"https:\/\/www.weapons-machining.be\/wp-content\/uploads\/2023\/05\/bwm.png\",\"width\":500,\"height\":141,\"caption\":\"BWM\"},\"image\":{\"@id\":\"https:\/\/www.weapons-machining.be\/de\/#\/schema\/logo\/image\/\"}}]}<\/script>\n<!-- \/ Yoast SEO plugin. -->","yoast_head_json":{"title":"Alle Rechte vorbehalten - BWM","description":"Entdecken Sie die rechtlichen Hinweise von BELGIAN WEAPONS MACHINING, die das geistige Eigentum und die Webstandards respektieren.","robots":{"index":"index","follow":"follow","max-snippet":"max-snippet:-1","max-image-preview":"max-image-preview:large","max-video-preview":"max-video-preview:-1"},"canonical":"https:\/\/www.weapons-machining.be\/de\/dsgvo\/alle-rechte-vorbehalten\/","og_locale":"de_DE","og_type":"article","og_title":"Alle Rechte vorbehalten - BWM","og_description":"Entdecken Sie die rechtlichen Hinweise von BELGIAN WEAPONS MACHINING, die das geistige Eigentum und die Webstandards respektieren.","og_url":"https:\/\/www.weapons-machining.be\/de\/dsgvo\/alle-rechte-vorbehalten\/","og_site_name":"BWM","article_modified_time":"2023-11-27T13:16:43+00:00","twitter_card":"summary_large_image","twitter_misc":{"Gesch\u00e4tzte Lesezeit":"1\u00a0Minute"},"schema":{"@context":"https:\/\/schema.org","@graph":[{"@type":"WebPage","@id":"https:\/\/www.weapons-machining.be\/de\/dsgvo\/alle-rechte-vorbehalten\/","url":"https:\/\/www.weapons-machining.be\/de\/dsgvo\/alle-rechte-vorbehalten\/","name":"Alle Rechte vorbehalten - BWM","isPartOf":{"@id":"https:\/\/www.weapons-machining.be\/de\/#website"},"datePublished":"2023-06-01T12:18:46+00:00","dateModified":"2023-11-27T13:16:43+00:00","description":"Entdecken Sie die rechtlichen Hinweise von BELGIAN WEAPONS MACHINING, die das geistige Eigentum und die Webstandards respektieren.","breadcrumb":{"@id":"https:\/\/www.weapons-machining.be\/de\/dsgvo\/alle-rechte-vorbehalten\/#breadcrumb"},"inLanguage":"de","potentialAction":[{"@type":"ReadAction","target":["https:\/\/www.weapons-machining.be\/de\/dsgvo\/alle-rechte-vorbehalten\/"]}]},{"@type":"BreadcrumbList","@id":"https:\/\/www.weapons-machining.be\/de\/dsgvo\/alle-rechte-vorbehalten\/#breadcrumb","itemListElement":[{"@type":"ListItem","position":1,"name":"Accueil","item":"https:\/\/www.weapons-machining.be\/de\/"},{"@type":"ListItem","position":2,"name":"DSGVO","item":"https:\/\/www.weapons-machining.be\/de\/dsgvo\/"},{"@type":"ListItem","position":3,"name":"Alle rechte vorbehalten"}]},{"@type":"WebSite","@id":"https:\/\/www.weapons-machining.be\/de\/#website","url":"https:\/\/www.weapons-machining.be\/de\/","name":"BWM","description":"Belgian Weapons Machining","publisher":{"@id":"https:\/\/www.weapons-machining.be\/de\/#organization"},"potentialAction":[{"@type":"SearchAction","target":{"@type":"EntryPoint","urlTemplate":"https:\/\/www.weapons-machining.be\/de\/?s={search_term_string}"},"query-input":{"@type":"PropertyValueSpecification","valueRequired":true,"valueName":"search_term_string"}}],"inLanguage":"de"},{"@type":"Organization","@id":"https:\/\/www.weapons-machining.be\/de\/#organization","name":"BWM","url":"https:\/\/www.weapons-machining.be\/de\/","logo":{"@type":"ImageObject","inLanguage":"de","@id":"https:\/\/www.weapons-machining.be\/de\/#\/schema\/logo\/image\/","url":"https:\/\/www.weapons-machining.be\/wp-content\/uploads\/2023\/05\/bwm.png","contentUrl":"https:\/\/www.weapons-machining.be\/wp-content\/uploads\/2023\/05\/bwm.png","width":500,"height":141,"caption":"BWM"},"image":{"@id":"https:\/\/www.weapons-machining.be\/de\/#\/schema\/logo\/image\/"}}]}},"_links":{"self":[{"href":"https:\/\/www.weapons-machining.be\/de\/wp-json\/wp\/v2\/pages\/726","targetHints":{"allow":["GET"]}}],"collection":[{"href":"https:\/\/www.weapons-machining.be\/de\/wp-json\/wp\/v2\/pages"}],"about":[{"href":"https:\/\/www.weapons-machining.be\/de\/wp-json\/wp\/v2\/types\/page"}],"author":[{"embeddable":true,"href":"https:\/\/www.weapons-machining.be\/de\/wp-json\/wp\/v2\/users\/1"}],"replies":[{"embeddable":true,"href":"https:\/\/www.weapons-machining.be\/de\/wp-json\/wp\/v2\/comments?post=726"}],"version-history":[{"count":1,"href":"https:\/\/www.weapons-machining.be\/de\/wp-json\/wp\/v2\/pages\/726\/revisions"}],"predecessor-version":[{"id":819,"href":"https:\/\/www.weapons-machining.be\/de\/wp-json\/wp\/v2\/pages\/726\/revisions\/819"}],"up":[{"embeddable":true,"href":"https:\/\/www.weapons-machining.be\/de\/wp-json\/wp\/v2\/pages\/718"}],"wp:attachment":[{"href":"https:\/\/www.weapons-machining.be\/de\/wp-json\/wp\/v2\/media?parent=726"}],"curies":[{"name":"wp","href":"https:\/\/api.w.org\/{rel}","templated":true}]}}