{"id":724,"date":"2023-06-12T10:04:58","date_gmt":"2023-06-12T10:04:58","guid":{"rendered":"https:\/\/bwm.web.lws-servers.be\/rgpd\/politique-des-cookies\/"},"modified":"2023-11-27T13:13:05","modified_gmt":"2023-11-27T13:13:05","slug":"cookie-richtlinie","status":"publish","type":"page","link":"https:\/\/www.weapons-machining.be\/de\/dsgvo\/cookie-richtlinie\/","title":{"rendered":"Cookie-Richtlinie"},"content":{"rendered":"<p>Diese Erkl\u00e4rung zur Verwendung von Cookies gilt f\u00fcr die Website<a href=\"https:\/\/www.weaponsmachining.be\/\"> https:\/\/www.weaponsmachining.be\/.<\/a><\/p>\n<p>&nbsp;<\/p>\n<p>Die Website wird von <strong>BELGIAN WEAPONS MACHINING <\/strong>betrieben, dessen eingetragener Sitz sich in <strong>ZI des Hauts-Sarts, 4e Avenue, 40B &#8211; 4040 HERSTAL<\/strong>\u00a0befindet.<\/p>\n<p>&nbsp;<\/p>\n<p>Zweck dieser Erkl\u00e4rung ist es, den Nutzer der Website \u00fcber die auf der Website verwendeten Cookies zu informieren. Durch den Besuch oder die Nutzung der Website erkl\u00e4ren Sie sich ausdr\u00fccklich mit der Verwendung von Cookies in der unten beschriebenen Weise einverstanden.<\/p>\n<p>&nbsp;<\/p>\n<h2>1. COOKIES &#8211; WAS IST DAS?<\/h2>\n<p>Cookies&#8220; sind kleine Informationsdateien, die &#8211; vor\u00fcbergehend oder nicht &#8211; auf Ihrem Computer oder Ger\u00e4t vom Server einer Website \u00fcber den Browser, den Sie zum Aufrufen der Website verwenden, gespeichert werden. Cookies enthalten eindeutige Informationen, die es erm\u00f6glichen, Ihren Browser bei Ihrem Besuch und ggf. auch bei jedem weiteren Besuch wiederzuerkennen.<\/p>\n<p>&nbsp;<\/p>\n<p>Cookies erm\u00f6glichen es uns, die Nutzung der Website zu vereinfachen, zu erg\u00e4nzen und zu personalisieren, und erm\u00f6glichen es unseren Partnern, Ihnen Werbung anzubieten, die auf Ihre Interessen oder Vorlieben zugeschnitten ist.<\/p>\n<p>&nbsp;<\/p>\n<h2>2. WELCHE COOKIES VERWENDEN WIR?<\/h2>\n<p>&nbsp;<\/p>\n<h3>2.1 Unbedingt notwendige Cookies.<\/h3>\n<p>Diese Cookies sind unerl\u00e4sslich, damit Sie die Websites besuchen und einige ihrer Funktionen nutzen k\u00f6nnen. Diese Cookies erm\u00f6glichen es Ihnen beispielsweise, zwischen den verschiedenen Bereichen der Website zu navigieren, Formulare auszuf\u00fcllen oder auf bestimmte gesicherte Bereiche zuzugreifen. Wenn Sie diese Cookies ablehnen, kann es sein, dass bestimmte Teile der Website nicht funktionieren.<\/p>\n<p>&nbsp;<\/p>\n<h3>2.2 Cookies f\u00fcr Funktionen<\/h3>\n<p>Funktions-Cookies sind Cookies, die den Betrieb der Website einfacher und angenehmer machen und daf\u00fcr sorgen, dass Sie ein personalisierteres Surferlebnis haben. Dies sind zum Beispiel Cookies, die sich an Ihre Spracheinstellungen erinnern.<\/p>\n<p>&nbsp;<\/p>\n<h3>2.3 Leistungs- und Statistik-Cookies<\/h3>\n<p>Leistungs-Cookies sind Cookies, die dazu dienen, Informationen zu sammeln, die sich darauf beziehen, wie Besucher die Website nutzen, wie z. B. Informationen \u00fcber die aufgerufenen Seiten oder die Anzahl der aufgetretenen Fehlermeldungen, um die Nutzung der Website zu analysieren und zu optimieren.<\/p>\n<p>&nbsp;<\/p>\n<p>Mithilfe von Statistik-Cookies kann GOOGLE ANALYTICS anonyme Informationen sammeln, die uns dabei helfen, zu verstehen, wie Besucher mit der Website interagieren.<\/p>\n<p>&nbsp;<\/p>\n<h2>3. VERWALTUNG DER COOKIES<\/h2>\n<p>Sie k\u00f6nnen Ihre Cookie-Einstellungen in Ihren Internetbrowsern \u00e4ndern. Diese Einstellungen finden Sie im Men\u00fc &#8222;Optionen&#8220; oder &#8222;Einstellungen&#8220; Ihres Internetbrowsers. Um diese Einstellungen zu verstehen, k\u00f6nnen die folgenden Links hilfreich sein. Ansonsten sollten Sie die Option &#8222;Hilfe&#8220; in Ihrem Internetbrowser verwenden, um weitere Einzelheiten zu erfahren.<\/p>\n<p>&nbsp;<\/p>\n<ul>\n<li><strong><u><a href=\"http:\/\/support.microsoft.com\/kb\/196955\" target=\"_blank\" rel=\"noopener noreferrer\">Cookie-Einstellungen im Internet Explorer<\/a><\/u><\/strong><\/li>\n<li><strong><u><a href=\"http:\/\/support.mozilla.org\/en-US\/kb\/cookies-information-websites-store-on-your-computer?redirectlocale=en-US&amp;redirectslug=Cookies\" target=\"_blank\" rel=\"noopener noreferrer\">Cookie-Einstellungen in Mozilla Firefox<\/a><\/u><\/strong><\/li>\n<li><strong><u><a href=\"http:\/\/support.google.com\/chrome\/bin\/answer.py?hl=en&amp;answer=95647\" target=\"_blank\" rel=\"noopener noreferrer\">Cookie-Einstellungen in Google Chrome<\/a><\/u><\/strong><\/li>\n<li><strong><u><a href=\"http:\/\/support.apple.com\/kb\/HT1677\" target=\"_blank\" rel=\"noopener noreferrer\">Cookie-Einstellungen in Safari (MAC)<\/a><\/u><\/strong><\/li>\n<\/ul>\n<p>&nbsp;<\/p>\n<h2>4. \u00c4NDERUNGEN<\/h2>\n<p>&nbsp;<\/p>\n<p>Wir behalten uns das Recht vor, diese Erkl\u00e4rung zur Verwendung von Cookies jederzeit zu \u00e4ndern.<\/p>\n<p>&nbsp;<\/p>\n<p>Diese Cookie-Erkl\u00e4rung wurde zuletzt am <strong>[DATUM HIER]<\/strong> ge\u00e4ndert und \u00fcberarbeitet.<\/p>\n<p>&nbsp;<\/p>\n<h2>5. CORDONATE<\/h2>\n<p>Das Unternehmen ist f\u00fcr die Verarbeitung dieser Cookies, Dateien und Tags verantwortlich. Wenn dies personenbezogene Daten einschlie\u00dft, gilt unsere Datenschutzerkl\u00e4rung.<\/p>\n<p>&nbsp;<\/p>\n<p>Wenn Sie Fragen zu dieser Erkl\u00e4rung zur Verwendung von Cookies oder zu unseren Datenschutzrichtlinien haben, kontaktieren Sie uns bitte unter der folgenden E-Mail-Adresse: <a href=\"mailto:info@weapons-machining.be\">info@weapons-machining.be<\/a><\/p>\n","protected":false},"excerpt":{"rendered":"<p>Diese Erkl\u00e4rung zur Verwendung von Cookies gilt f\u00fcr die Website https:\/\/www.weaponsmachining.be\/. &nbsp; Die Website wird von BELGIAN WEAPONS MACHINING betrieben, dessen eingetragener Sitz sich in ZI des Hauts-Sarts, 4e Avenue, 40B &#8211; 4040 HERSTAL\u00a0befindet. &nbsp; Zweck dieser Erkl\u00e4rung ist es, den Nutzer der Website \u00fcber die auf der Website verwendeten Cookies zu informieren. Durch den [&hellip;]<\/p>\n","protected":false},"author":1,"featured_media":0,"parent":718,"menu_order":0,"comment_status":"closed","ping_status":"closed","template":"","meta":{"_acf_changed":false,"footnotes":""},"class_list":["post-724","page","type-page","status-publish","hentry"],"acf":[],"yoast_head":"<!-- This site is optimized with the Yoast SEO plugin v26.7 - https:\/\/yoast.com\/wordpress\/plugins\/seo\/ -->\n<title>Cookie-Richtlinie - BWM<\/title>\n<meta name=\"description\" content=\"Lesen Sie unsere Cookie-Richtlinie, um zu erfahren, wie wir Cookies verwenden, um Ihre Erfahrung auf unserer Website zu verbessern\" \/>\n<meta name=\"robots\" content=\"index, follow, max-snippet:-1, max-image-preview:large, max-video-preview:-1\" \/>\n<link rel=\"canonical\" href=\"https:\/\/www.weapons-machining.be\/de\/dsgvo\/cookie-richtlinie\/\" \/>\n<meta property=\"og:locale\" content=\"de_DE\" \/>\n<meta property=\"og:type\" content=\"article\" \/>\n<meta property=\"og:title\" content=\"Cookie-Richtlinie - BWM\" \/>\n<meta property=\"og:description\" content=\"Lesen Sie unsere Cookie-Richtlinie, um zu erfahren, wie wir Cookies verwenden, um Ihre Erfahrung auf unserer Website zu verbessern\" \/>\n<meta property=\"og:url\" content=\"https:\/\/www.weapons-machining.be\/de\/dsgvo\/cookie-richtlinie\/\" \/>\n<meta property=\"og:site_name\" content=\"BWM\" \/>\n<meta property=\"article:modified_time\" content=\"2023-11-27T13:13:05+00:00\" \/>\n<meta name=\"twitter:card\" content=\"summary_large_image\" \/>\n<meta name=\"twitter:label1\" content=\"Gesch\u00e4tzte Lesezeit\" \/>\n\t<meta name=\"twitter:data1\" content=\"3\u00a0Minuten\" \/>\n<script type=\"application\/ld+json\" class=\"yoast-schema-graph\">{\"@context\":\"https:\/\/schema.org\",\"@graph\":[{\"@type\":\"WebPage\",\"@id\":\"https:\/\/www.weapons-machining.be\/de\/dsgvo\/cookie-richtlinie\/\",\"url\":\"https:\/\/www.weapons-machining.be\/de\/dsgvo\/cookie-richtlinie\/\",\"name\":\"Cookie-Richtlinie - BWM\",\"isPartOf\":{\"@id\":\"https:\/\/www.weapons-machining.be\/de\/#website\"},\"datePublished\":\"2023-06-12T10:04:58+00:00\",\"dateModified\":\"2023-11-27T13:13:05+00:00\",\"description\":\"Lesen Sie unsere Cookie-Richtlinie, um zu erfahren, wie wir Cookies verwenden, um Ihre Erfahrung auf unserer Website zu verbessern\",\"breadcrumb\":{\"@id\":\"https:\/\/www.weapons-machining.be\/de\/dsgvo\/cookie-richtlinie\/#breadcrumb\"},\"inLanguage\":\"de\",\"potentialAction\":[{\"@type\":\"ReadAction\",\"target\":[\"https:\/\/www.weapons-machining.be\/de\/dsgvo\/cookie-richtlinie\/\"]}]},{\"@type\":\"BreadcrumbList\",\"@id\":\"https:\/\/www.weapons-machining.be\/de\/dsgvo\/cookie-richtlinie\/#breadcrumb\",\"itemListElement\":[{\"@type\":\"ListItem\",\"position\":1,\"name\":\"Accueil\",\"item\":\"https:\/\/www.weapons-machining.be\/de\/\"},{\"@type\":\"ListItem\",\"position\":2,\"name\":\"DSGVO\",\"item\":\"https:\/\/www.weapons-machining.be\/de\/dsgvo\/\"},{\"@type\":\"ListItem\",\"position\":3,\"name\":\"Cookie-Richtlinie\"}]},{\"@type\":\"WebSite\",\"@id\":\"https:\/\/www.weapons-machining.be\/de\/#website\",\"url\":\"https:\/\/www.weapons-machining.be\/de\/\",\"name\":\"BWM\",\"description\":\"Belgian Weapons Machining\",\"publisher\":{\"@id\":\"https:\/\/www.weapons-machining.be\/de\/#organization\"},\"potentialAction\":[{\"@type\":\"SearchAction\",\"target\":{\"@type\":\"EntryPoint\",\"urlTemplate\":\"https:\/\/www.weapons-machining.be\/de\/?s={search_term_string}\"},\"query-input\":{\"@type\":\"PropertyValueSpecification\",\"valueRequired\":true,\"valueName\":\"search_term_string\"}}],\"inLanguage\":\"de\"},{\"@type\":\"Organization\",\"@id\":\"https:\/\/www.weapons-machining.be\/de\/#organization\",\"name\":\"BWM\",\"url\":\"https:\/\/www.weapons-machining.be\/de\/\",\"logo\":{\"@type\":\"ImageObject\",\"inLanguage\":\"de\",\"@id\":\"https:\/\/www.weapons-machining.be\/de\/#\/schema\/logo\/image\/\",\"url\":\"https:\/\/www.weapons-machining.be\/wp-content\/uploads\/2023\/05\/bwm.png\",\"contentUrl\":\"https:\/\/www.weapons-machining.be\/wp-content\/uploads\/2023\/05\/bwm.png\",\"width\":500,\"height\":141,\"caption\":\"BWM\"},\"image\":{\"@id\":\"https:\/\/www.weapons-machining.be\/de\/#\/schema\/logo\/image\/\"}}]}<\/script>\n<!-- \/ Yoast SEO plugin. -->","yoast_head_json":{"title":"Cookie-Richtlinie - BWM","description":"Lesen Sie unsere Cookie-Richtlinie, um zu erfahren, wie wir Cookies verwenden, um Ihre Erfahrung auf unserer Website zu verbessern","robots":{"index":"index","follow":"follow","max-snippet":"max-snippet:-1","max-image-preview":"max-image-preview:large","max-video-preview":"max-video-preview:-1"},"canonical":"https:\/\/www.weapons-machining.be\/de\/dsgvo\/cookie-richtlinie\/","og_locale":"de_DE","og_type":"article","og_title":"Cookie-Richtlinie - BWM","og_description":"Lesen Sie unsere Cookie-Richtlinie, um zu erfahren, wie wir Cookies verwenden, um Ihre Erfahrung auf unserer Website zu verbessern","og_url":"https:\/\/www.weapons-machining.be\/de\/dsgvo\/cookie-richtlinie\/","og_site_name":"BWM","article_modified_time":"2023-11-27T13:13:05+00:00","twitter_card":"summary_large_image","twitter_misc":{"Gesch\u00e4tzte Lesezeit":"3\u00a0Minuten"},"schema":{"@context":"https:\/\/schema.org","@graph":[{"@type":"WebPage","@id":"https:\/\/www.weapons-machining.be\/de\/dsgvo\/cookie-richtlinie\/","url":"https:\/\/www.weapons-machining.be\/de\/dsgvo\/cookie-richtlinie\/","name":"Cookie-Richtlinie - BWM","isPartOf":{"@id":"https:\/\/www.weapons-machining.be\/de\/#website"},"datePublished":"2023-06-12T10:04:58+00:00","dateModified":"2023-11-27T13:13:05+00:00","description":"Lesen Sie unsere Cookie-Richtlinie, um zu erfahren, wie wir Cookies verwenden, um Ihre Erfahrung auf unserer Website zu verbessern","breadcrumb":{"@id":"https:\/\/www.weapons-machining.be\/de\/dsgvo\/cookie-richtlinie\/#breadcrumb"},"inLanguage":"de","potentialAction":[{"@type":"ReadAction","target":["https:\/\/www.weapons-machining.be\/de\/dsgvo\/cookie-richtlinie\/"]}]},{"@type":"BreadcrumbList","@id":"https:\/\/www.weapons-machining.be\/de\/dsgvo\/cookie-richtlinie\/#breadcrumb","itemListElement":[{"@type":"ListItem","position":1,"name":"Accueil","item":"https:\/\/www.weapons-machining.be\/de\/"},{"@type":"ListItem","position":2,"name":"DSGVO","item":"https:\/\/www.weapons-machining.be\/de\/dsgvo\/"},{"@type":"ListItem","position":3,"name":"Cookie-Richtlinie"}]},{"@type":"WebSite","@id":"https:\/\/www.weapons-machining.be\/de\/#website","url":"https:\/\/www.weapons-machining.be\/de\/","name":"BWM","description":"Belgian Weapons Machining","publisher":{"@id":"https:\/\/www.weapons-machining.be\/de\/#organization"},"potentialAction":[{"@type":"SearchAction","target":{"@type":"EntryPoint","urlTemplate":"https:\/\/www.weapons-machining.be\/de\/?s={search_term_string}"},"query-input":{"@type":"PropertyValueSpecification","valueRequired":true,"valueName":"search_term_string"}}],"inLanguage":"de"},{"@type":"Organization","@id":"https:\/\/www.weapons-machining.be\/de\/#organization","name":"BWM","url":"https:\/\/www.weapons-machining.be\/de\/","logo":{"@type":"ImageObject","inLanguage":"de","@id":"https:\/\/www.weapons-machining.be\/de\/#\/schema\/logo\/image\/","url":"https:\/\/www.weapons-machining.be\/wp-content\/uploads\/2023\/05\/bwm.png","contentUrl":"https:\/\/www.weapons-machining.be\/wp-content\/uploads\/2023\/05\/bwm.png","width":500,"height":141,"caption":"BWM"},"image":{"@id":"https:\/\/www.weapons-machining.be\/de\/#\/schema\/logo\/image\/"}}]}},"_links":{"self":[{"href":"https:\/\/www.weapons-machining.be\/de\/wp-json\/wp\/v2\/pages\/724","targetHints":{"allow":["GET"]}}],"collection":[{"href":"https:\/\/www.weapons-machining.be\/de\/wp-json\/wp\/v2\/pages"}],"about":[{"href":"https:\/\/www.weapons-machining.be\/de\/wp-json\/wp\/v2\/types\/page"}],"author":[{"embeddable":true,"href":"https:\/\/www.weapons-machining.be\/de\/wp-json\/wp\/v2\/users\/1"}],"replies":[{"embeddable":true,"href":"https:\/\/www.weapons-machining.be\/de\/wp-json\/wp\/v2\/comments?post=724"}],"version-history":[{"count":8,"href":"https:\/\/www.weapons-machining.be\/de\/wp-json\/wp\/v2\/pages\/724\/revisions"}],"predecessor-version":[{"id":964,"href":"https:\/\/www.weapons-machining.be\/de\/wp-json\/wp\/v2\/pages\/724\/revisions\/964"}],"up":[{"embeddable":true,"href":"https:\/\/www.weapons-machining.be\/de\/wp-json\/wp\/v2\/pages\/718"}],"wp:attachment":[{"href":"https:\/\/www.weapons-machining.be\/de\/wp-json\/wp\/v2\/media?parent=724"}],"curies":[{"name":"wp","href":"https:\/\/api.w.org\/{rel}","templated":true}]}}