{"id":712,"date":"2023-06-01T14:24:21","date_gmt":"2023-06-01T14:24:21","guid":{"rendered":"https:\/\/bwm.web.lws-servers.be\/bwm\/groupement\/"},"modified":"2023-11-27T12:36:51","modified_gmt":"2023-11-27T12:36:51","slug":"zusammenschluss","status":"publish","type":"page","link":"https:\/\/www.weapons-machining.be\/de\/bwm\/zusammenschluss\/","title":{"rendered":"Zusammenschluss"},"content":{"rendered":"","protected":false},"excerpt":{"rendered":"","protected":false},"author":1,"featured_media":0,"parent":670,"menu_order":0,"comment_status":"closed","ping_status":"closed","template":"page-templates\/template-flexible.php","meta":{"_acf_changed":false,"footnotes":""},"class_list":["post-712","page","type-page","status-publish","hentry"],"acf":[],"yoast_head":"<!-- This site is optimized with the Yoast SEO plugin v26.7 - https:\/\/yoast.com\/wordpress\/plugins\/seo\/ -->\n<title>MEBF und STI b\u00fcndeln ihre Kr\u00e4fte-<\/title>\n<meta name=\"description\" content=\"MEBF und STI b\u00fcndeln Kr\u00e4fte f\u00fcr integrierte Verteidigungsl\u00f6sungen und pr\u00e4zise Metallteilefertigung f\u00fcr Sicherheitsbereiche.\" \/>\n<meta name=\"robots\" content=\"index, follow, max-snippet:-1, max-image-preview:large, max-video-preview:-1\" \/>\n<link rel=\"canonical\" href=\"https:\/\/www.weapons-machining.be\/de\/bwm\/zusammenschluss\/\" \/>\n<meta property=\"og:locale\" content=\"de_DE\" \/>\n<meta property=\"og:type\" content=\"article\" \/>\n<meta property=\"og:title\" content=\"MEBF und STI b\u00fcndeln ihre Kr\u00e4fte-\" \/>\n<meta property=\"og:description\" content=\"MEBF und STI b\u00fcndeln Kr\u00e4fte f\u00fcr integrierte Verteidigungsl\u00f6sungen und pr\u00e4zise Metallteilefertigung f\u00fcr Sicherheitsbereiche.\" \/>\n<meta property=\"og:url\" content=\"https:\/\/www.weapons-machining.be\/de\/bwm\/zusammenschluss\/\" \/>\n<meta property=\"og:site_name\" content=\"BWM\" \/>\n<meta property=\"article:modified_time\" content=\"2023-11-27T12:36:51+00:00\" \/>\n<meta name=\"twitter:card\" content=\"summary_large_image\" \/>\n<script type=\"application\/ld+json\" class=\"yoast-schema-graph\">{\"@context\":\"https:\/\/schema.org\",\"@graph\":[{\"@type\":\"WebPage\",\"@id\":\"https:\/\/www.weapons-machining.be\/de\/bwm\/zusammenschluss\/\",\"url\":\"https:\/\/www.weapons-machining.be\/de\/bwm\/zusammenschluss\/\",\"name\":\"MEBF und STI b\u00fcndeln ihre Kr\u00e4fte-\",\"isPartOf\":{\"@id\":\"https:\/\/www.weapons-machining.be\/de\/#website\"},\"datePublished\":\"2023-06-01T14:24:21+00:00\",\"dateModified\":\"2023-11-27T12:36:51+00:00\",\"description\":\"MEBF und STI b\u00fcndeln Kr\u00e4fte f\u00fcr integrierte Verteidigungsl\u00f6sungen und pr\u00e4zise Metallteilefertigung f\u00fcr Sicherheitsbereiche.\",\"breadcrumb\":{\"@id\":\"https:\/\/www.weapons-machining.be\/de\/bwm\/zusammenschluss\/#breadcrumb\"},\"inLanguage\":\"de\",\"potentialAction\":[{\"@type\":\"ReadAction\",\"target\":[\"https:\/\/www.weapons-machining.be\/de\/bwm\/zusammenschluss\/\"]}]},{\"@type\":\"BreadcrumbList\",\"@id\":\"https:\/\/www.weapons-machining.be\/de\/bwm\/zusammenschluss\/#breadcrumb\",\"itemListElement\":[{\"@type\":\"ListItem\",\"position\":1,\"name\":\"Accueil\",\"item\":\"https:\/\/www.weapons-machining.be\/de\/\"},{\"@type\":\"ListItem\",\"position\":2,\"name\":\"BWM\",\"item\":\"https:\/\/www.weapons-machining.be\/de\/bwm\/\"},{\"@type\":\"ListItem\",\"position\":3,\"name\":\"Zusammenschluss\"}]},{\"@type\":\"WebSite\",\"@id\":\"https:\/\/www.weapons-machining.be\/de\/#website\",\"url\":\"https:\/\/www.weapons-machining.be\/de\/\",\"name\":\"BWM\",\"description\":\"Belgian Weapons Machining\",\"publisher\":{\"@id\":\"https:\/\/www.weapons-machining.be\/de\/#organization\"},\"potentialAction\":[{\"@type\":\"SearchAction\",\"target\":{\"@type\":\"EntryPoint\",\"urlTemplate\":\"https:\/\/www.weapons-machining.be\/de\/?s={search_term_string}\"},\"query-input\":{\"@type\":\"PropertyValueSpecification\",\"valueRequired\":true,\"valueName\":\"search_term_string\"}}],\"inLanguage\":\"de\"},{\"@type\":\"Organization\",\"@id\":\"https:\/\/www.weapons-machining.be\/de\/#organization\",\"name\":\"BWM\",\"url\":\"https:\/\/www.weapons-machining.be\/de\/\",\"logo\":{\"@type\":\"ImageObject\",\"inLanguage\":\"de\",\"@id\":\"https:\/\/www.weapons-machining.be\/de\/#\/schema\/logo\/image\/\",\"url\":\"https:\/\/www.weapons-machining.be\/wp-content\/uploads\/2023\/05\/bwm.png\",\"contentUrl\":\"https:\/\/www.weapons-machining.be\/wp-content\/uploads\/2023\/05\/bwm.png\",\"width\":500,\"height\":141,\"caption\":\"BWM\"},\"image\":{\"@id\":\"https:\/\/www.weapons-machining.be\/de\/#\/schema\/logo\/image\/\"}}]}<\/script>\n<!-- \/ Yoast SEO plugin. -->","yoast_head_json":{"title":"MEBF und STI b\u00fcndeln ihre Kr\u00e4fte-","description":"MEBF und STI b\u00fcndeln Kr\u00e4fte f\u00fcr integrierte Verteidigungsl\u00f6sungen und pr\u00e4zise Metallteilefertigung f\u00fcr Sicherheitsbereiche.","robots":{"index":"index","follow":"follow","max-snippet":"max-snippet:-1","max-image-preview":"max-image-preview:large","max-video-preview":"max-video-preview:-1"},"canonical":"https:\/\/www.weapons-machining.be\/de\/bwm\/zusammenschluss\/","og_locale":"de_DE","og_type":"article","og_title":"MEBF und STI b\u00fcndeln ihre Kr\u00e4fte-","og_description":"MEBF und STI b\u00fcndeln Kr\u00e4fte f\u00fcr integrierte Verteidigungsl\u00f6sungen und pr\u00e4zise Metallteilefertigung f\u00fcr Sicherheitsbereiche.","og_url":"https:\/\/www.weapons-machining.be\/de\/bwm\/zusammenschluss\/","og_site_name":"BWM","article_modified_time":"2023-11-27T12:36:51+00:00","twitter_card":"summary_large_image","schema":{"@context":"https:\/\/schema.org","@graph":[{"@type":"WebPage","@id":"https:\/\/www.weapons-machining.be\/de\/bwm\/zusammenschluss\/","url":"https:\/\/www.weapons-machining.be\/de\/bwm\/zusammenschluss\/","name":"MEBF und STI b\u00fcndeln ihre Kr\u00e4fte-","isPartOf":{"@id":"https:\/\/www.weapons-machining.be\/de\/#website"},"datePublished":"2023-06-01T14:24:21+00:00","dateModified":"2023-11-27T12:36:51+00:00","description":"MEBF und STI b\u00fcndeln Kr\u00e4fte f\u00fcr integrierte Verteidigungsl\u00f6sungen und pr\u00e4zise Metallteilefertigung f\u00fcr Sicherheitsbereiche.","breadcrumb":{"@id":"https:\/\/www.weapons-machining.be\/de\/bwm\/zusammenschluss\/#breadcrumb"},"inLanguage":"de","potentialAction":[{"@type":"ReadAction","target":["https:\/\/www.weapons-machining.be\/de\/bwm\/zusammenschluss\/"]}]},{"@type":"BreadcrumbList","@id":"https:\/\/www.weapons-machining.be\/de\/bwm\/zusammenschluss\/#breadcrumb","itemListElement":[{"@type":"ListItem","position":1,"name":"Accueil","item":"https:\/\/www.weapons-machining.be\/de\/"},{"@type":"ListItem","position":2,"name":"BWM","item":"https:\/\/www.weapons-machining.be\/de\/bwm\/"},{"@type":"ListItem","position":3,"name":"Zusammenschluss"}]},{"@type":"WebSite","@id":"https:\/\/www.weapons-machining.be\/de\/#website","url":"https:\/\/www.weapons-machining.be\/de\/","name":"BWM","description":"Belgian Weapons Machining","publisher":{"@id":"https:\/\/www.weapons-machining.be\/de\/#organization"},"potentialAction":[{"@type":"SearchAction","target":{"@type":"EntryPoint","urlTemplate":"https:\/\/www.weapons-machining.be\/de\/?s={search_term_string}"},"query-input":{"@type":"PropertyValueSpecification","valueRequired":true,"valueName":"search_term_string"}}],"inLanguage":"de"},{"@type":"Organization","@id":"https:\/\/www.weapons-machining.be\/de\/#organization","name":"BWM","url":"https:\/\/www.weapons-machining.be\/de\/","logo":{"@type":"ImageObject","inLanguage":"de","@id":"https:\/\/www.weapons-machining.be\/de\/#\/schema\/logo\/image\/","url":"https:\/\/www.weapons-machining.be\/wp-content\/uploads\/2023\/05\/bwm.png","contentUrl":"https:\/\/www.weapons-machining.be\/wp-content\/uploads\/2023\/05\/bwm.png","width":500,"height":141,"caption":"BWM"},"image":{"@id":"https:\/\/www.weapons-machining.be\/de\/#\/schema\/logo\/image\/"}}]}},"_links":{"self":[{"href":"https:\/\/www.weapons-machining.be\/de\/wp-json\/wp\/v2\/pages\/712","targetHints":{"allow":["GET"]}}],"collection":[{"href":"https:\/\/www.weapons-machining.be\/de\/wp-json\/wp\/v2\/pages"}],"about":[{"href":"https:\/\/www.weapons-machining.be\/de\/wp-json\/wp\/v2\/types\/page"}],"author":[{"embeddable":true,"href":"https:\/\/www.weapons-machining.be\/de\/wp-json\/wp\/v2\/users\/1"}],"replies":[{"embeddable":true,"href":"https:\/\/www.weapons-machining.be\/de\/wp-json\/wp\/v2\/comments?post=712"}],"version-history":[{"count":2,"href":"https:\/\/www.weapons-machining.be\/de\/wp-json\/wp\/v2\/pages\/712\/revisions"}],"predecessor-version":[{"id":802,"href":"https:\/\/www.weapons-machining.be\/de\/wp-json\/wp\/v2\/pages\/712\/revisions\/802"}],"up":[{"embeddable":true,"href":"https:\/\/www.weapons-machining.be\/de\/wp-json\/wp\/v2\/pages\/670"}],"wp:attachment":[{"href":"https:\/\/www.weapons-machining.be\/de\/wp-json\/wp\/v2\/media?parent=712"}],"curies":[{"name":"wp","href":"https:\/\/api.w.org\/{rel}","templated":true}]}}