{"id":710,"date":"2023-05-25T14:48:39","date_gmt":"2023-05-25T14:48:39","guid":{"rendered":"https:\/\/bwm.web.lws-servers.be\/bwm\/activite\/"},"modified":"2023-11-27T12:30:46","modified_gmt":"2023-11-27T12:30:46","slug":"aktivitaet","status":"publish","type":"page","link":"https:\/\/www.weapons-machining.be\/de\/bwm\/aktivitaet\/","title":{"rendered":"Aktivit\u00e4t"},"content":{"rendered":"","protected":false},"excerpt":{"rendered":"","protected":false},"author":1,"featured_media":0,"parent":670,"menu_order":0,"comment_status":"closed","ping_status":"closed","template":"page-templates\/template-flexible.php","meta":{"_acf_changed":false,"footnotes":""},"class_list":["post-710","page","type-page","status-publish","hentry"],"acf":[],"yoast_head":"<!-- This site is optimized with the Yoast SEO plugin v26.7 - https:\/\/yoast.com\/wordpress\/plugins\/seo\/ -->\n<title>Belgischer Partner f\u00fcr Hochpr\u00e4zisionsmetallverarbeitung - BWM<\/title>\n<meta name=\"description\" content=\"Als Experte f\u00fcr die Herstellung von Hochpr\u00e4zisionsmetallen ist BWM ein anerkannter Lieferant f\u00fcr die weltweit f\u00fchrenden Waffenhersteller\" \/>\n<meta name=\"robots\" content=\"index, follow, max-snippet:-1, max-image-preview:large, max-video-preview:-1\" \/>\n<link rel=\"canonical\" href=\"https:\/\/www.weapons-machining.be\/de\/bwm\/aktivitaet\/\" \/>\n<meta property=\"og:locale\" content=\"de_DE\" \/>\n<meta property=\"og:type\" content=\"article\" \/>\n<meta property=\"og:title\" content=\"Belgischer Partner f\u00fcr Hochpr\u00e4zisionsmetallverarbeitung - BWM\" \/>\n<meta property=\"og:description\" content=\"Als Experte f\u00fcr die Herstellung von Hochpr\u00e4zisionsmetallen ist BWM ein anerkannter Lieferant f\u00fcr die weltweit f\u00fchrenden Waffenhersteller\" \/>\n<meta property=\"og:url\" content=\"https:\/\/www.weapons-machining.be\/de\/bwm\/aktivitaet\/\" \/>\n<meta property=\"og:site_name\" content=\"BWM\" \/>\n<meta property=\"article:modified_time\" content=\"2023-11-27T12:30:46+00:00\" \/>\n<meta name=\"twitter:card\" content=\"summary_large_image\" \/>\n<script type=\"application\/ld+json\" class=\"yoast-schema-graph\">{\"@context\":\"https:\/\/schema.org\",\"@graph\":[{\"@type\":\"WebPage\",\"@id\":\"https:\/\/www.weapons-machining.be\/de\/bwm\/aktivitaet\/\",\"url\":\"https:\/\/www.weapons-machining.be\/de\/bwm\/aktivitaet\/\",\"name\":\"Belgischer Partner f\u00fcr Hochpr\u00e4zisionsmetallverarbeitung - BWM\",\"isPartOf\":{\"@id\":\"https:\/\/www.weapons-machining.be\/de\/#website\"},\"datePublished\":\"2023-05-25T14:48:39+00:00\",\"dateModified\":\"2023-11-27T12:30:46+00:00\",\"description\":\"Als Experte f\u00fcr die Herstellung von Hochpr\u00e4zisionsmetallen ist BWM ein anerkannter Lieferant f\u00fcr die weltweit f\u00fchrenden Waffenhersteller\",\"breadcrumb\":{\"@id\":\"https:\/\/www.weapons-machining.be\/de\/bwm\/aktivitaet\/#breadcrumb\"},\"inLanguage\":\"de\",\"potentialAction\":[{\"@type\":\"ReadAction\",\"target\":[\"https:\/\/www.weapons-machining.be\/de\/bwm\/aktivitaet\/\"]}]},{\"@type\":\"BreadcrumbList\",\"@id\":\"https:\/\/www.weapons-machining.be\/de\/bwm\/aktivitaet\/#breadcrumb\",\"itemListElement\":[{\"@type\":\"ListItem\",\"position\":1,\"name\":\"Accueil\",\"item\":\"https:\/\/www.weapons-machining.be\/de\/\"},{\"@type\":\"ListItem\",\"position\":2,\"name\":\"BWM\",\"item\":\"https:\/\/www.weapons-machining.be\/de\/bwm\/\"},{\"@type\":\"ListItem\",\"position\":3,\"name\":\"Aktivit\u00e4t\"}]},{\"@type\":\"WebSite\",\"@id\":\"https:\/\/www.weapons-machining.be\/de\/#website\",\"url\":\"https:\/\/www.weapons-machining.be\/de\/\",\"name\":\"BWM\",\"description\":\"Belgian Weapons Machining\",\"publisher\":{\"@id\":\"https:\/\/www.weapons-machining.be\/de\/#organization\"},\"potentialAction\":[{\"@type\":\"SearchAction\",\"target\":{\"@type\":\"EntryPoint\",\"urlTemplate\":\"https:\/\/www.weapons-machining.be\/de\/?s={search_term_string}\"},\"query-input\":{\"@type\":\"PropertyValueSpecification\",\"valueRequired\":true,\"valueName\":\"search_term_string\"}}],\"inLanguage\":\"de\"},{\"@type\":\"Organization\",\"@id\":\"https:\/\/www.weapons-machining.be\/de\/#organization\",\"name\":\"BWM\",\"url\":\"https:\/\/www.weapons-machining.be\/de\/\",\"logo\":{\"@type\":\"ImageObject\",\"inLanguage\":\"de\",\"@id\":\"https:\/\/www.weapons-machining.be\/de\/#\/schema\/logo\/image\/\",\"url\":\"https:\/\/www.weapons-machining.be\/wp-content\/uploads\/2023\/05\/bwm.png\",\"contentUrl\":\"https:\/\/www.weapons-machining.be\/wp-content\/uploads\/2023\/05\/bwm.png\",\"width\":500,\"height\":141,\"caption\":\"BWM\"},\"image\":{\"@id\":\"https:\/\/www.weapons-machining.be\/de\/#\/schema\/logo\/image\/\"}}]}<\/script>\n<!-- \/ Yoast SEO plugin. -->","yoast_head_json":{"title":"Belgischer Partner f\u00fcr Hochpr\u00e4zisionsmetallverarbeitung - BWM","description":"Als Experte f\u00fcr die Herstellung von Hochpr\u00e4zisionsmetallen ist BWM ein anerkannter Lieferant f\u00fcr die weltweit f\u00fchrenden Waffenhersteller","robots":{"index":"index","follow":"follow","max-snippet":"max-snippet:-1","max-image-preview":"max-image-preview:large","max-video-preview":"max-video-preview:-1"},"canonical":"https:\/\/www.weapons-machining.be\/de\/bwm\/aktivitaet\/","og_locale":"de_DE","og_type":"article","og_title":"Belgischer Partner f\u00fcr Hochpr\u00e4zisionsmetallverarbeitung - BWM","og_description":"Als Experte f\u00fcr die Herstellung von Hochpr\u00e4zisionsmetallen ist BWM ein anerkannter Lieferant f\u00fcr die weltweit f\u00fchrenden Waffenhersteller","og_url":"https:\/\/www.weapons-machining.be\/de\/bwm\/aktivitaet\/","og_site_name":"BWM","article_modified_time":"2023-11-27T12:30:46+00:00","twitter_card":"summary_large_image","schema":{"@context":"https:\/\/schema.org","@graph":[{"@type":"WebPage","@id":"https:\/\/www.weapons-machining.be\/de\/bwm\/aktivitaet\/","url":"https:\/\/www.weapons-machining.be\/de\/bwm\/aktivitaet\/","name":"Belgischer Partner f\u00fcr Hochpr\u00e4zisionsmetallverarbeitung - BWM","isPartOf":{"@id":"https:\/\/www.weapons-machining.be\/de\/#website"},"datePublished":"2023-05-25T14:48:39+00:00","dateModified":"2023-11-27T12:30:46+00:00","description":"Als Experte f\u00fcr die Herstellung von Hochpr\u00e4zisionsmetallen ist BWM ein anerkannter Lieferant f\u00fcr die weltweit f\u00fchrenden Waffenhersteller","breadcrumb":{"@id":"https:\/\/www.weapons-machining.be\/de\/bwm\/aktivitaet\/#breadcrumb"},"inLanguage":"de","potentialAction":[{"@type":"ReadAction","target":["https:\/\/www.weapons-machining.be\/de\/bwm\/aktivitaet\/"]}]},{"@type":"BreadcrumbList","@id":"https:\/\/www.weapons-machining.be\/de\/bwm\/aktivitaet\/#breadcrumb","itemListElement":[{"@type":"ListItem","position":1,"name":"Accueil","item":"https:\/\/www.weapons-machining.be\/de\/"},{"@type":"ListItem","position":2,"name":"BWM","item":"https:\/\/www.weapons-machining.be\/de\/bwm\/"},{"@type":"ListItem","position":3,"name":"Aktivit\u00e4t"}]},{"@type":"WebSite","@id":"https:\/\/www.weapons-machining.be\/de\/#website","url":"https:\/\/www.weapons-machining.be\/de\/","name":"BWM","description":"Belgian Weapons Machining","publisher":{"@id":"https:\/\/www.weapons-machining.be\/de\/#organization"},"potentialAction":[{"@type":"SearchAction","target":{"@type":"EntryPoint","urlTemplate":"https:\/\/www.weapons-machining.be\/de\/?s={search_term_string}"},"query-input":{"@type":"PropertyValueSpecification","valueRequired":true,"valueName":"search_term_string"}}],"inLanguage":"de"},{"@type":"Organization","@id":"https:\/\/www.weapons-machining.be\/de\/#organization","name":"BWM","url":"https:\/\/www.weapons-machining.be\/de\/","logo":{"@type":"ImageObject","inLanguage":"de","@id":"https:\/\/www.weapons-machining.be\/de\/#\/schema\/logo\/image\/","url":"https:\/\/www.weapons-machining.be\/wp-content\/uploads\/2023\/05\/bwm.png","contentUrl":"https:\/\/www.weapons-machining.be\/wp-content\/uploads\/2023\/05\/bwm.png","width":500,"height":141,"caption":"BWM"},"image":{"@id":"https:\/\/www.weapons-machining.be\/de\/#\/schema\/logo\/image\/"}}]}},"_links":{"self":[{"href":"https:\/\/www.weapons-machining.be\/de\/wp-json\/wp\/v2\/pages\/710","targetHints":{"allow":["GET"]}}],"collection":[{"href":"https:\/\/www.weapons-machining.be\/de\/wp-json\/wp\/v2\/pages"}],"about":[{"href":"https:\/\/www.weapons-machining.be\/de\/wp-json\/wp\/v2\/types\/page"}],"author":[{"embeddable":true,"href":"https:\/\/www.weapons-machining.be\/de\/wp-json\/wp\/v2\/users\/1"}],"replies":[{"embeddable":true,"href":"https:\/\/www.weapons-machining.be\/de\/wp-json\/wp\/v2\/comments?post=710"}],"version-history":[{"count":7,"href":"https:\/\/www.weapons-machining.be\/de\/wp-json\/wp\/v2\/pages\/710\/revisions"}],"predecessor-version":[{"id":1034,"href":"https:\/\/www.weapons-machining.be\/de\/wp-json\/wp\/v2\/pages\/710\/revisions\/1034"}],"up":[{"embeddable":true,"href":"https:\/\/www.weapons-machining.be\/de\/wp-json\/wp\/v2\/pages\/670"}],"wp:attachment":[{"href":"https:\/\/www.weapons-machining.be\/de\/wp-json\/wp\/v2\/media?parent=710"}],"curies":[{"name":"wp","href":"https:\/\/api.w.org\/{rel}","templated":true}]}}